{"id":461,"date":"2023-10-09T15:05:59","date_gmt":"2023-10-09T13:05:59","guid":{"rendered":"https:\/\/www.bachconsultores.com\/?page_id=461"},"modified":"2023-10-26T12:36:27","modified_gmt":"2023-10-26T10:36:27","slug":"cookies","status":"publish","type":"page","link":"https:\/\/www.bachconsultores.com\/es\/cookies\/","title":{"rendered":"Cookies"},"content":{"rendered":"\n<div class=\"wp-block-group has-global-padding is-layout-constrained wp-container-core-group-is-layout-19b57709 wp-block-group-is-layout-constrained\" style=\"margin-top:30px;margin-bottom:30px\">\n<h1 class=\"wp-block-heading has-text-align-center\">Cookies<\/h1>\n\n\n\n<hr class=\"wp-block-separator has-text-color has-contrast-color has-alpha-channel-opacity has-contrast-background-color has-background is-style-wide linea-oscura\"\/>\n<\/div>\n\n\n\n<style>\n    a.cky-banner-element {\n        padding: 8px 30px;\n        background: #F8F9FA;\n        color: #858A8F;\n        border: 1px solid #DEE2E6;\n        box-sizing: border-box;\n        border-radius: 2px;\n        cursor: pointer;\n}\n<\/style>\n<p>\n    Fecha de vigencia: 26 de octubre de 2023 <br>\n    \u00daltima actualizaci\u00f3n: 26 de octubre de 2023\n<\/p>\n\n&nbsp;\n<h5>\u00bfQu\u00e9 son las cookies?<\/h5>\n<div class=\"cookie-policy-p\"><p>Esta Pol\u00edtica de cookies explica qu\u00e9 son las cookies y c\u00f3mo las usamos, los tipos de cookies que utilizamos, es decir, la informaci\u00f3n que recopilamos mediante cookies y c\u00f3mo se usa esa informaci\u00f3n, y c\u00f3mo administrar la configuraci\u00f3n de las cookies.<\/p> <p>Cookies Son peque\u00f1os archivos de texto que se utilizan para almacenar peque\u00f1os fragmentos de informaci\u00f3n. Se almacenan en su dispositivo cuando el sitio web se carga en su navegador. Estas cookies nos ayudan a que el sitio web funcione correctamente, hacerlo m\u00e1s seguro, brindar una mejor experiencia de usuario y comprender c\u00f3mo funciona el sitio web y analizar qu\u00e9 funciona y d\u00f3nde necesita mejorar.<\/p><\/div>\n\n&nbsp;\n<h5>\u00bfC\u00f3mo usamos las cookies?<\/h5>\n<div class=\"cookie-policy-p\"><p>Como la mayor\u00eda de los servicios en l\u00ednea, nuestro sitio web utiliza cookies propias y de terceros para varios prop\u00f3sitos. Las cookies de origen son principalmente necesarias para que el sitio web funcione correctamente y no recopilan ninguno de sus datos de identificaci\u00f3n personal.<\/p> <p>Las cookies de terceros utilizadas en nuestro sitio web son principalmente para comprender c\u00f3mo funciona funciona el sitio web, c\u00f3mo interact\u00faa con nuestro sitio web, mantiene nuestros servicios seguros, proporciona anuncios que sean relevantes para usted y, en general, le brinda una experiencia de usuario mejor y le ayuda a acelerar sus interacciones futuras con nuestro sitio web.<\/p><\/div>\n\n&nbsp;\n    <h5>Tipos de cookies que usamos<\/h5>\n\n    <div class=\"cky-audit-table-element\"><\/div>\n\n&nbsp;\n    <h5 style=\"margin-bottom:20px;\">Administrar preferencias de cookies<\/h5>\n\n    <a class=\"cky-banner-element\">Ajustes<\/a> <br\/>\n\n    <div><p>Puede cambiar sus preferencias de cookies en cualquier momento haciendo clic en el bot\u00f3n de arriba. Esto le permitir\u00e1 volver a visitar el banner de consentimiento de cookies y cambiar sus preferencias o retirar su consentimiento de inmediato.<\/p><p>Adem\u00e1s de esto, diferentes navegadores ofrecen diferentes m\u00e9todos para bloquear y eliminar las cookies utilizadas por los sitios web. Puede cambiar la configuraci\u00f3n de su navegador para bloquear\/eliminar las cookies. A continuaci\u00f3n se enumeran los enlaces a los documentos de soporte sobre c\u00f3mo administrar y eliminar cookies de los principales navegadores web.<\/p><p>Chrome: <a target=\"_blank\" rel=\"noopener noreferrer\" href=\"https:\/\/support.google.com\/accounts\/answer\/32050\">https:\/\/support.google.com\/accounts\/answer\/32050<\/a><\/p><p>Safari: <a target=\"_blank\" rel=\"noopener noreferrer\" href=\"https:\/\/support.apple.com\/en-in\/guide\/safari\/sfri11471\/mac\">https:\/\/support.apple.com\/en-in\/guide\/safari\/sfri11471\/mac<\/a><\/p><p>Firefox: <a target=\"_blank\" rel=\"noopener noreferrer\" href=\"https:\/\/support.mozilla.org\/en-US\/kb\/clear-cookies-and-site-data-firefox?redirectslug=delete-cookies-remove-info-websites-stored&amp;redirectlocale=en-US\">https:\/\/support.mozilla.org\/en-US\/kb\/clear-cookies-and-site-data-firefox?redirectslug=delete-cookies-remove-info-websites-stored&amp;redirectlocale=en-US<\/a><\/p><p>Internet Explorer: <a target=\"_blank\" rel=\"noopener noreferrer\" href=\"https:\/\/support.microsoft.com\/en-us\/topic\/how-to-delete-cookie-files-in-internet-explorer-bca9446f-d873-78de-77ba-d42645fa52fc\">https:\/\/support.microsoft.com\/en-us\/topic\/how-to-delete-cookie-files-in-internet-explorer-bca9446f-d873-78de-77ba-d42645fa52fc<\/a><\/p><p>Si est\u00e1 utilizando cualquier otro navegador web, visite los documentos de soporte oficiales de su navegador.<\/p><\/div>\n\n\n&nbsp;\n<p class=\"cookie-policy-p\">\n    Cookie Policy Generated By  <a target=\"_blank\" href=\"https:\/\/www.cookieyes.com\/?utm_source=CP&#038;utm_medium=footer&#038;utm_campaign=UW\" rel=\"noopener\">CookieYes &#8211; Cookie Policy Generator<\/a>.\n<\/p>\n","protected":false},"excerpt":{"rendered":"<p>Cookies Fecha de vigencia: 26 de octubre de 2023 \u00daltima actualizaci\u00f3n: 26 de octubre de 2023 &nbsp; \u00bfQu\u00e9 son las cookies? Esta Pol\u00edtica de cookies explica qu\u00e9 son las cookies y c\u00f3mo las usamos, los tipos de cookies que utilizamos, es decir, la informaci\u00f3n que recopilamos mediante cookies y c\u00f3mo se usa esa informaci\u00f3n, y [&hellip;]<\/p>\n","protected":false},"author":1,"featured_media":0,"parent":0,"menu_order":0,"comment_status":"closed","ping_status":"closed","template":"","meta":{"inline_featured_image":false,"footnotes":""},"class_list":["post-461","page","type-page","status-publish","hentry"],"yoast_head":"<!-- This site is optimized with the Yoast SEO plugin v21.5 - https:\/\/yoast.com\/wordpress\/plugins\/seo\/ -->\n<title>Cookies - Bach Consultores Produccio\u0301n<\/title>\n<meta name=\"robots\" content=\"index, follow, max-snippet:-1, max-image-preview:large, max-video-preview:-1\" \/>\n<link rel=\"canonical\" href=\"https:\/\/www.bachconsultores.com\/es\/cookies\/\" \/>\n<meta property=\"og:locale\" content=\"es_ES\" \/>\n<meta property=\"og:type\" content=\"article\" \/>\n<meta property=\"og:title\" content=\"Cookies - Bach Consultores Produccio\u0301n\" \/>\n<meta property=\"og:description\" content=\"Cookies Fecha de vigencia: 26 de octubre de 2023 \u00daltima actualizaci\u00f3n: 26 de octubre de 2023 &nbsp; \u00bfQu\u00e9 son las cookies? Esta Pol\u00edtica de cookies explica qu\u00e9 son las cookies y c\u00f3mo las usamos, los tipos de cookies que utilizamos, es decir, la informaci\u00f3n que recopilamos mediante cookies y c\u00f3mo se usa esa informaci\u00f3n, y [&hellip;]\" \/>\n<meta property=\"og:url\" content=\"https:\/\/www.bachconsultores.com\/es\/cookies\/\" \/>\n<meta property=\"og:site_name\" content=\"Bach Consultores Produccio\u0301n\" \/>\n<meta property=\"article:modified_time\" content=\"2023-10-26T10:36:27+00:00\" \/>\n<meta name=\"twitter:card\" content=\"summary_large_image\" \/>\n<meta name=\"twitter:label1\" content=\"Tiempo de lectura\" \/>\n\t<meta name=\"twitter:data1\" content=\"2 minutos\" \/>\n<script type=\"application\/ld+json\" class=\"yoast-schema-graph\">{\"@context\":\"https:\/\/schema.org\",\"@graph\":[{\"@type\":\"WebPage\",\"@id\":\"https:\/\/www.bachconsultores.com\/es\/cookies\/\",\"url\":\"https:\/\/www.bachconsultores.com\/es\/cookies\/\",\"name\":\"Cookies - Bach Consultores Produccio\u0301n\",\"isPartOf\":{\"@id\":\"https:\/\/www.bachconsultores.com\/es\/#website\"},\"datePublished\":\"2023-10-09T13:05:59+00:00\",\"dateModified\":\"2023-10-26T10:36:27+00:00\",\"breadcrumb\":{\"@id\":\"https:\/\/www.bachconsultores.com\/es\/cookies\/#breadcrumb\"},\"inLanguage\":\"es\",\"potentialAction\":[{\"@type\":\"ReadAction\",\"target\":[\"https:\/\/www.bachconsultores.com\/es\/cookies\/\"]}]},{\"@type\":\"BreadcrumbList\",\"@id\":\"https:\/\/www.bachconsultores.com\/es\/cookies\/#breadcrumb\",\"itemListElement\":[{\"@type\":\"ListItem\",\"position\":1,\"name\":\"Portada\",\"item\":\"https:\/\/www.bachconsultores.com\/es\/\"},{\"@type\":\"ListItem\",\"position\":2,\"name\":\"Cookies\"}]},{\"@type\":\"WebSite\",\"@id\":\"https:\/\/www.bachconsultores.com\/es\/#website\",\"url\":\"https:\/\/www.bachconsultores.com\/es\/\",\"name\":\"Bach Consultores Produccio\u0301n\",\"description\":\"\",\"publisher\":{\"@id\":\"https:\/\/www.bachconsultores.com\/es\/#organization\"},\"potentialAction\":[{\"@type\":\"SearchAction\",\"target\":{\"@type\":\"EntryPoint\",\"urlTemplate\":\"https:\/\/www.bachconsultores.com\/es\/?s={search_term_string}\"},\"query-input\":\"required name=search_term_string\"}],\"inLanguage\":\"es\"},{\"@type\":\"Organization\",\"@id\":\"https:\/\/www.bachconsultores.com\/es\/#organization\",\"name\":\"Bach Consultores Produccio\u0301n\",\"url\":\"https:\/\/www.bachconsultores.com\/es\/\",\"logo\":{\"@type\":\"ImageObject\",\"inLanguage\":\"es\",\"@id\":\"https:\/\/www.bachconsultores.com\/es\/#\/schema\/logo\/image\/\",\"url\":\"https:\/\/bachconsultores.com\/wp-content\/uploads\/2023\/09\/Logo-bach-consulores.jpg\",\"contentUrl\":\"https:\/\/bachconsultores.com\/wp-content\/uploads\/2023\/09\/Logo-bach-consulores.jpg\",\"width\":200,\"height\":85,\"caption\":\"Bach Consultores Produccio\u0301n\"},\"image\":{\"@id\":\"https:\/\/www.bachconsultores.com\/es\/#\/schema\/logo\/image\/\"}}]}<\/script>\n<!-- \/ Yoast SEO plugin. -->","yoast_head_json":{"title":"Cookies - Bach Consultores Produccio\u0301n","robots":{"index":"index","follow":"follow","max-snippet":"max-snippet:-1","max-image-preview":"max-image-preview:large","max-video-preview":"max-video-preview:-1"},"canonical":"https:\/\/www.bachconsultores.com\/es\/cookies\/","og_locale":"es_ES","og_type":"article","og_title":"Cookies - Bach Consultores Produccio\u0301n","og_description":"Cookies Fecha de vigencia: 26 de octubre de 2023 \u00daltima actualizaci\u00f3n: 26 de octubre de 2023 &nbsp; \u00bfQu\u00e9 son las cookies? Esta Pol\u00edtica de cookies explica qu\u00e9 son las cookies y c\u00f3mo las usamos, los tipos de cookies que utilizamos, es decir, la informaci\u00f3n que recopilamos mediante cookies y c\u00f3mo se usa esa informaci\u00f3n, y [&hellip;]","og_url":"https:\/\/www.bachconsultores.com\/es\/cookies\/","og_site_name":"Bach Consultores Produccio\u0301n","article_modified_time":"2023-10-26T10:36:27+00:00","twitter_card":"summary_large_image","twitter_misc":{"Tiempo de lectura":"2 minutos"},"schema":{"@context":"https:\/\/schema.org","@graph":[{"@type":"WebPage","@id":"https:\/\/www.bachconsultores.com\/es\/cookies\/","url":"https:\/\/www.bachconsultores.com\/es\/cookies\/","name":"Cookies - Bach Consultores Produccio\u0301n","isPartOf":{"@id":"https:\/\/www.bachconsultores.com\/es\/#website"},"datePublished":"2023-10-09T13:05:59+00:00","dateModified":"2023-10-26T10:36:27+00:00","breadcrumb":{"@id":"https:\/\/www.bachconsultores.com\/es\/cookies\/#breadcrumb"},"inLanguage":"es","potentialAction":[{"@type":"ReadAction","target":["https:\/\/www.bachconsultores.com\/es\/cookies\/"]}]},{"@type":"BreadcrumbList","@id":"https:\/\/www.bachconsultores.com\/es\/cookies\/#breadcrumb","itemListElement":[{"@type":"ListItem","position":1,"name":"Portada","item":"https:\/\/www.bachconsultores.com\/es\/"},{"@type":"ListItem","position":2,"name":"Cookies"}]},{"@type":"WebSite","@id":"https:\/\/www.bachconsultores.com\/es\/#website","url":"https:\/\/www.bachconsultores.com\/es\/","name":"Bach Consultores Produccio\u0301n","description":"","publisher":{"@id":"https:\/\/www.bachconsultores.com\/es\/#organization"},"potentialAction":[{"@type":"SearchAction","target":{"@type":"EntryPoint","urlTemplate":"https:\/\/www.bachconsultores.com\/es\/?s={search_term_string}"},"query-input":"required name=search_term_string"}],"inLanguage":"es"},{"@type":"Organization","@id":"https:\/\/www.bachconsultores.com\/es\/#organization","name":"Bach Consultores Produccio\u0301n","url":"https:\/\/www.bachconsultores.com\/es\/","logo":{"@type":"ImageObject","inLanguage":"es","@id":"https:\/\/www.bachconsultores.com\/es\/#\/schema\/logo\/image\/","url":"https:\/\/bachconsultores.com\/wp-content\/uploads\/2023\/09\/Logo-bach-consulores.jpg","contentUrl":"https:\/\/bachconsultores.com\/wp-content\/uploads\/2023\/09\/Logo-bach-consulores.jpg","width":200,"height":85,"caption":"Bach Consultores Produccio\u0301n"},"image":{"@id":"https:\/\/www.bachconsultores.com\/es\/#\/schema\/logo\/image\/"}}]}},"_links":{"self":[{"href":"https:\/\/www.bachconsultores.com\/es\/wp-json\/wp\/v2\/pages\/461","targetHints":{"allow":["GET"]}}],"collection":[{"href":"https:\/\/www.bachconsultores.com\/es\/wp-json\/wp\/v2\/pages"}],"about":[{"href":"https:\/\/www.bachconsultores.com\/es\/wp-json\/wp\/v2\/types\/page"}],"author":[{"embeddable":true,"href":"https:\/\/www.bachconsultores.com\/es\/wp-json\/wp\/v2\/users\/1"}],"replies":[{"embeddable":true,"href":"https:\/\/www.bachconsultores.com\/es\/wp-json\/wp\/v2\/comments?post=461"}],"version-history":[{"count":5,"href":"https:\/\/www.bachconsultores.com\/es\/wp-json\/wp\/v2\/pages\/461\/revisions"}],"predecessor-version":[{"id":599,"href":"https:\/\/www.bachconsultores.com\/es\/wp-json\/wp\/v2\/pages\/461\/revisions\/599"}],"wp:attachment":[{"href":"https:\/\/www.bachconsultores.com\/es\/wp-json\/wp\/v2\/media?parent=461"}],"curies":[{"name":"wp","href":"https:\/\/api.w.org\/{rel}","templated":true}]}}