{"id":224,"date":"2023-09-27T14:07:55","date_gmt":"2023-09-27T12:07:55","guid":{"rendered":"https:\/\/www.bachconsultores.com\/?page_id=224"},"modified":"2023-10-07T22:11:42","modified_gmt":"2023-10-07T20:11:42","slug":"contacto","status":"publish","type":"page","link":"https:\/\/www.bachconsultores.com\/es\/contacto\/","title":{"rendered":"Contacto"},"content":{"rendered":"\n<div class=\"wp-block-group has-global-padding is-layout-constrained wp-container-core-group-is-layout-9dbfe04b wp-block-group-is-layout-constrained\" data-aos=\"slide-up\">\n<h2 class=\"wp-block-heading has-text-align-center titulo-dos bordes\" data-aos=\"fade\">CONTACTO<\/h2>\n<\/div>\n\n\n\n<h3 class=\"wp-block-heading has-text-align-center titulo-tres\" style=\"margin-top:40px;margin-bottom:50px\" data-aos=\"slide-up\">PONTE EN CONTACTO CON NOSOTROS Y RESOLVEREMOS TUS DUDAS<\/h3>\n\n\n\n<div class=\"wp-block-group has-global-padding is-layout-constrained wp-container-core-group-is-layout-cc9991ae wp-block-group-is-layout-constrained\" style=\"margin-bottom:40px\" data-aos=\"slide-up\">\n<div class=\"wp-block-contact-form-7-contact-form-selector\" data-aos=\"fade\">\n<div class=\"wpcf7 no-js\" id=\"wpcf7-f223-o1\" lang=\"es-ES\" dir=\"ltr\">\n<div class=\"screen-reader-response\"><p role=\"status\" aria-live=\"polite\" aria-atomic=\"true\"><\/p> <ul><\/ul><\/div>\n<form action=\"\/es\/wp-json\/wp\/v2\/pages\/224#wpcf7-f223-o1\" method=\"post\" class=\"wpcf7-form init\" aria-label=\"Formulario de contacto\" novalidate=\"novalidate\" data-status=\"init\">\n<div style=\"display: none;\">\n<input type=\"hidden\" name=\"_wpcf7\" value=\"223\" \/>\n<input type=\"hidden\" name=\"_wpcf7_version\" value=\"5.8.3\" \/>\n<input type=\"hidden\" name=\"_wpcf7_locale\" value=\"es_ES\" \/>\n<input type=\"hidden\" name=\"_wpcf7_unit_tag\" value=\"wpcf7-f223-o1\" \/>\n<input type=\"hidden\" name=\"_wpcf7_container_post\" value=\"0\" \/>\n<input type=\"hidden\" name=\"_wpcf7_posted_data_hash\" value=\"\" \/>\n<input type=\"hidden\" name=\"_wpcf7_recaptcha_response\" value=\"\" \/>\n<\/div>\n<div class=\"caja-form\">\n\t<div class=\"grupo-form\">\n\t\t<p><label> Nombre y apellidos<br \/>\n<span class=\"wpcf7-form-control-wrap\" data-name=\"your-name\"><input size=\"40\" class=\"wpcf7-form-control wpcf7-text wpcf7-validates-as-required\" autocomplete=\"name\" aria-required=\"true\" aria-invalid=\"false\" value=\"\" type=\"text\" name=\"your-name\" \/><\/span> <\/label>\n\t\t<\/p>\n\t\t<p><label> Tel\u00e9fono<br \/>\n<span class=\"wpcf7-form-control-wrap\" data-name=\"Telfono\"><input size=\"40\" class=\"wpcf7-form-control wpcf7-tel wpcf7-text wpcf7-validates-as-tel\" autocomplete=\"name\" aria-invalid=\"false\" value=\"\" type=\"tel\" name=\"Telfono\" \/><\/span> <\/label>\n\t\t<\/p>\n\t\t<p><label> Tu correo electr\u00f3nico<br \/>\n<span class=\"wpcf7-form-control-wrap\" data-name=\"your-email\"><input size=\"40\" class=\"wpcf7-form-control wpcf7-email wpcf7-validates-as-required wpcf7-text wpcf7-validates-as-email\" autocomplete=\"email\" aria-required=\"true\" aria-invalid=\"false\" value=\"\" type=\"email\" name=\"your-email\" \/><\/span> <\/label>\n\t\t<\/p>\n\t<\/div>\n\t<div class=\"grupo-form\">\n\t\t<p><label> Tu mensaje<br \/>\n<span class=\"wpcf7-form-control-wrap\" data-name=\"your-message\"><textarea cols=\"40\" rows=\"10\" class=\"wpcf7-form-control wpcf7-textarea wpcf7-validates-as-required\" aria-required=\"true\" aria-invalid=\"false\" name=\"your-message\"><\/textarea><\/span> <\/label>\n\t\t<\/p>\n\t<\/div>\n<\/div>\n<p style=\"font-size: 12px;\">El Responsable del tratamiento de sus datos es MARC OLLER MOYA., con domicilio en CL Johann Sebastian Bach, 20 3\u00ba1\u00aa 08021 Barcelona, con el NIF 47966568E. Le informamos que trataremos la informaci\u00f3n que usted nos facilite con el fin de contestar su solicitud de informaci\u00f3n y de remitirle comunicaci\u00f3n comercial sobre nuestros servicios que puedan ser de su inter\u00e9s. Si usted no desea recibir informaci\u00f3n comercial, rogamos nos lo informe enviando un e-mail a marcoller1990@gmail.com. Los datos personales proporcionados se conservar\u00e1n mientras usted no solicite su supresi\u00f3n. Le informamos que usted tiene derecho a acceder a sus datos personales, as\u00ed como a solicitar la rectificaci\u00f3n de los datos inexactos o, en su caso, solicitar su supresi\u00f3n a cualquier momento. La base legal para el tratamiento de sus datos es el consentimiento otorgado al clicar la casilla de aceptaci\u00f3n al final de este formulario.\n<\/p>\n<div class=\"caja-acepto-boton\">\n\t<p><label> <span class=\"wpcf7-form-control-wrap\" data-name=\"Acepto\"><span class=\"wpcf7-form-control wpcf7-acceptance\"><span class=\"wpcf7-list-item\"><input type=\"checkbox\" name=\"Acepto\" value=\"1\" aria-invalid=\"false\" \/><\/span><\/span><\/span> Acepto las condiciones de privacidad <\/label>\n\t<\/p>\n\t<p><input class=\"wpcf7-form-control wpcf7-submit has-spinner\" type=\"submit\" value=\"Enviar\" \/>\n\t<\/p>\n<\/div><div class=\"wpcf7-response-output\" aria-hidden=\"true\"><\/div>\n<\/form>\n<\/div>\n<\/div>\n<\/div>\n","protected":false},"excerpt":{"rendered":"<p>CONTACTO PONTE EN CONTACTO CON NOSOTROS Y RESOLVEREMOS TUS DUDAS<\/p>\n","protected":false},"author":1,"featured_media":0,"parent":0,"menu_order":0,"comment_status":"closed","ping_status":"closed","template":"","meta":{"inline_featured_image":false,"footnotes":""},"class_list":["post-224","page","type-page","status-publish","hentry"],"yoast_head":"<!-- This site is optimized with the Yoast SEO plugin v21.5 - https:\/\/yoast.com\/wordpress\/plugins\/seo\/ -->\n<title>Contacto - Bach Consultores Produccio\u0301n<\/title>\n<meta name=\"robots\" content=\"index, follow, max-snippet:-1, max-image-preview:large, max-video-preview:-1\" \/>\n<link rel=\"canonical\" href=\"https:\/\/www.bachconsultores.com\/es\/contacto\/\" \/>\n<meta property=\"og:locale\" content=\"es_ES\" \/>\n<meta property=\"og:type\" content=\"article\" \/>\n<meta property=\"og:title\" content=\"Contacto - Bach Consultores Produccio\u0301n\" \/>\n<meta property=\"og:description\" content=\"CONTACTO PONTE EN CONTACTO CON NOSOTROS Y RESOLVEREMOS TUS DUDAS\" \/>\n<meta property=\"og:url\" content=\"https:\/\/www.bachconsultores.com\/es\/contacto\/\" \/>\n<meta property=\"og:site_name\" content=\"Bach Consultores Produccio\u0301n\" \/>\n<meta property=\"article:modified_time\" content=\"2023-10-07T20:11:42+00:00\" \/>\n<meta name=\"twitter:card\" content=\"summary_large_image\" \/>\n<script type=\"application\/ld+json\" class=\"yoast-schema-graph\">{\"@context\":\"https:\/\/schema.org\",\"@graph\":[{\"@type\":\"WebPage\",\"@id\":\"https:\/\/www.bachconsultores.com\/es\/contacto\/\",\"url\":\"https:\/\/www.bachconsultores.com\/es\/contacto\/\",\"name\":\"Contacto - Bach Consultores Produccio\u0301n\",\"isPartOf\":{\"@id\":\"https:\/\/www.bachconsultores.com\/es\/#website\"},\"datePublished\":\"2023-09-27T12:07:55+00:00\",\"dateModified\":\"2023-10-07T20:11:42+00:00\",\"breadcrumb\":{\"@id\":\"https:\/\/www.bachconsultores.com\/es\/contacto\/#breadcrumb\"},\"inLanguage\":\"es\",\"potentialAction\":[{\"@type\":\"ReadAction\",\"target\":[\"https:\/\/www.bachconsultores.com\/es\/contacto\/\"]}]},{\"@type\":\"BreadcrumbList\",\"@id\":\"https:\/\/www.bachconsultores.com\/es\/contacto\/#breadcrumb\",\"itemListElement\":[{\"@type\":\"ListItem\",\"position\":1,\"name\":\"Portada\",\"item\":\"https:\/\/www.bachconsultores.com\/es\/\"},{\"@type\":\"ListItem\",\"position\":2,\"name\":\"Contacto\"}]},{\"@type\":\"WebSite\",\"@id\":\"https:\/\/www.bachconsultores.com\/es\/#website\",\"url\":\"https:\/\/www.bachconsultores.com\/es\/\",\"name\":\"Bach Consultores Produccio\u0301n\",\"description\":\"\",\"publisher\":{\"@id\":\"https:\/\/www.bachconsultores.com\/es\/#organization\"},\"potentialAction\":[{\"@type\":\"SearchAction\",\"target\":{\"@type\":\"EntryPoint\",\"urlTemplate\":\"https:\/\/www.bachconsultores.com\/es\/?s={search_term_string}\"},\"query-input\":\"required name=search_term_string\"}],\"inLanguage\":\"es\"},{\"@type\":\"Organization\",\"@id\":\"https:\/\/www.bachconsultores.com\/es\/#organization\",\"name\":\"Bach Consultores Produccio\u0301n\",\"url\":\"https:\/\/www.bachconsultores.com\/es\/\",\"logo\":{\"@type\":\"ImageObject\",\"inLanguage\":\"es\",\"@id\":\"https:\/\/www.bachconsultores.com\/es\/#\/schema\/logo\/image\/\",\"url\":\"https:\/\/bachconsultores.com\/wp-content\/uploads\/2023\/09\/Logo-bach-consulores.jpg\",\"contentUrl\":\"https:\/\/bachconsultores.com\/wp-content\/uploads\/2023\/09\/Logo-bach-consulores.jpg\",\"width\":200,\"height\":85,\"caption\":\"Bach Consultores Produccio\u0301n\"},\"image\":{\"@id\":\"https:\/\/www.bachconsultores.com\/es\/#\/schema\/logo\/image\/\"}}]}<\/script>\n<!-- \/ Yoast SEO plugin. -->","yoast_head_json":{"title":"Contacto - Bach Consultores Produccio\u0301n","robots":{"index":"index","follow":"follow","max-snippet":"max-snippet:-1","max-image-preview":"max-image-preview:large","max-video-preview":"max-video-preview:-1"},"canonical":"https:\/\/www.bachconsultores.com\/es\/contacto\/","og_locale":"es_ES","og_type":"article","og_title":"Contacto - Bach Consultores Produccio\u0301n","og_description":"CONTACTO PONTE EN CONTACTO CON NOSOTROS Y RESOLVEREMOS TUS DUDAS","og_url":"https:\/\/www.bachconsultores.com\/es\/contacto\/","og_site_name":"Bach Consultores Produccio\u0301n","article_modified_time":"2023-10-07T20:11:42+00:00","twitter_card":"summary_large_image","schema":{"@context":"https:\/\/schema.org","@graph":[{"@type":"WebPage","@id":"https:\/\/www.bachconsultores.com\/es\/contacto\/","url":"https:\/\/www.bachconsultores.com\/es\/contacto\/","name":"Contacto - Bach Consultores Produccio\u0301n","isPartOf":{"@id":"https:\/\/www.bachconsultores.com\/es\/#website"},"datePublished":"2023-09-27T12:07:55+00:00","dateModified":"2023-10-07T20:11:42+00:00","breadcrumb":{"@id":"https:\/\/www.bachconsultores.com\/es\/contacto\/#breadcrumb"},"inLanguage":"es","potentialAction":[{"@type":"ReadAction","target":["https:\/\/www.bachconsultores.com\/es\/contacto\/"]}]},{"@type":"BreadcrumbList","@id":"https:\/\/www.bachconsultores.com\/es\/contacto\/#breadcrumb","itemListElement":[{"@type":"ListItem","position":1,"name":"Portada","item":"https:\/\/www.bachconsultores.com\/es\/"},{"@type":"ListItem","position":2,"name":"Contacto"}]},{"@type":"WebSite","@id":"https:\/\/www.bachconsultores.com\/es\/#website","url":"https:\/\/www.bachconsultores.com\/es\/","name":"Bach Consultores Produccio\u0301n","description":"","publisher":{"@id":"https:\/\/www.bachconsultores.com\/es\/#organization"},"potentialAction":[{"@type":"SearchAction","target":{"@type":"EntryPoint","urlTemplate":"https:\/\/www.bachconsultores.com\/es\/?s={search_term_string}"},"query-input":"required name=search_term_string"}],"inLanguage":"es"},{"@type":"Organization","@id":"https:\/\/www.bachconsultores.com\/es\/#organization","name":"Bach Consultores Produccio\u0301n","url":"https:\/\/www.bachconsultores.com\/es\/","logo":{"@type":"ImageObject","inLanguage":"es","@id":"https:\/\/www.bachconsultores.com\/es\/#\/schema\/logo\/image\/","url":"https:\/\/bachconsultores.com\/wp-content\/uploads\/2023\/09\/Logo-bach-consulores.jpg","contentUrl":"https:\/\/bachconsultores.com\/wp-content\/uploads\/2023\/09\/Logo-bach-consulores.jpg","width":200,"height":85,"caption":"Bach Consultores Produccio\u0301n"},"image":{"@id":"https:\/\/www.bachconsultores.com\/es\/#\/schema\/logo\/image\/"}}]}},"_links":{"self":[{"href":"https:\/\/www.bachconsultores.com\/es\/wp-json\/wp\/v2\/pages\/224","targetHints":{"allow":["GET"]}}],"collection":[{"href":"https:\/\/www.bachconsultores.com\/es\/wp-json\/wp\/v2\/pages"}],"about":[{"href":"https:\/\/www.bachconsultores.com\/es\/wp-json\/wp\/v2\/types\/page"}],"author":[{"embeddable":true,"href":"https:\/\/www.bachconsultores.com\/es\/wp-json\/wp\/v2\/users\/1"}],"replies":[{"embeddable":true,"href":"https:\/\/www.bachconsultores.com\/es\/wp-json\/wp\/v2\/comments?post=224"}],"version-history":[{"count":13,"href":"https:\/\/www.bachconsultores.com\/es\/wp-json\/wp\/v2\/pages\/224\/revisions"}],"predecessor-version":[{"id":395,"href":"https:\/\/www.bachconsultores.com\/es\/wp-json\/wp\/v2\/pages\/224\/revisions\/395"}],"wp:attachment":[{"href":"https:\/\/www.bachconsultores.com\/es\/wp-json\/wp\/v2\/media?parent=224"}],"curies":[{"name":"wp","href":"https:\/\/api.w.org\/{rel}","templated":true}]}}