{"id":767,"date":"2023-09-26T03:34:32","date_gmt":"2023-09-26T01:34:32","guid":{"rendered":"https:\/\/www.bachconsultores.com\/bach-consultores\/"},"modified":"2023-11-20T13:29:53","modified_gmt":"2023-11-20T12:29:53","slug":"bach-consultants","status":"publish","type":"page","link":"https:\/\/www.bachconsultores.com\/en\/bach-consultants\/","title":{"rendered":"Bach Consultants"},"content":{"rendered":"\n<div class=\"wp-block-group grupo-info-bach has-global-padding is-layout-constrained wp-container-core-group-is-layout-85aec7fd wp-block-group-is-layout-constrained\" data-aos=\"slide-up\">\n<h2 class=\"wp-block-heading has-text-align-center titulo-dos bordes\"><mark style=\"background-color:rgba(0, 0, 0, 0)\" class=\"has-inline-color has-secondary-color\">BACH CONSULTANTS<\/mark><\/h2>\n\n\n\n<div class=\"wp-block-group is-nowrap is-layout-flex wp-container-core-group-is-layout-6c531013 wp-block-group-is-layout-flex\">\r\n\t\t<div  class=\"block-e31712d7-bcc1-4e2d-9fe7-b3ee430f24ac col areoi-element\">\r\n\t\t\t\r\n\t\t\t\n\n<figure class=\"wp-block-image size-large\"><img loading=\"lazy\" decoding=\"async\" width=\"683\" height=\"1024\" src=\"https:\/\/www.bachconsultores.com\/wp-content\/uploads\/2023\/10\/marissa-grootes-N9uOrBICcjY-unsplash-683x1024.jpg\" alt=\"\" class=\"wp-image-578\" srcset=\"https:\/\/bachconsultores.com\/wp-content\/uploads\/2023\/10\/marissa-grootes-N9uOrBICcjY-unsplash-683x1024.jpg 683w, https:\/\/bachconsultores.com\/wp-content\/uploads\/2023\/10\/marissa-grootes-N9uOrBICcjY-unsplash-200x300.jpg 200w, https:\/\/bachconsultores.com\/wp-content\/uploads\/2023\/10\/marissa-grootes-N9uOrBICcjY-unsplash-768x1152.jpg 768w, https:\/\/bachconsultores.com\/wp-content\/uploads\/2023\/10\/marissa-grootes-N9uOrBICcjY-unsplash-1024x1536.jpg 1024w, https:\/\/bachconsultores.com\/wp-content\/uploads\/2023\/10\/marissa-grootes-N9uOrBICcjY-unsplash-1365x2048.jpg 1365w, https:\/\/bachconsultores.com\/wp-content\/uploads\/2023\/10\/marissa-grootes-N9uOrBICcjY-unsplash-scaled.jpg 1707w\" sizes=\"auto, (max-width: 683px) 100vw, 683px\" \/><\/figure>\n\n \r\n\t\t\t\r\n\t\t<\/div>\r\n\t\n\n\r\n\t\t<div  class=\"block-65478d1e-af74-478c-9122-0c999cdc4a55 col areoi-element\">\r\n\t\t\t\r\n\t\t\t\n\n<figure class=\"wp-block-image size-large\"><img loading=\"lazy\" decoding=\"async\" width=\"683\" height=\"1024\" src=\"https:\/\/www.bachconsultores.com\/wp-content\/uploads\/2023\/10\/jason-goodman-m2TU2gfqSeE-unsplash-683x1024.jpg\" alt=\"\" class=\"wp-image-580\" srcset=\"https:\/\/bachconsultores.com\/wp-content\/uploads\/2023\/10\/jason-goodman-m2TU2gfqSeE-unsplash-683x1024.jpg 683w, https:\/\/bachconsultores.com\/wp-content\/uploads\/2023\/10\/jason-goodman-m2TU2gfqSeE-unsplash-200x300.jpg 200w, https:\/\/bachconsultores.com\/wp-content\/uploads\/2023\/10\/jason-goodman-m2TU2gfqSeE-unsplash-768x1152.jpg 768w, https:\/\/bachconsultores.com\/wp-content\/uploads\/2023\/10\/jason-goodman-m2TU2gfqSeE-unsplash-1024x1536.jpg 1024w, https:\/\/bachconsultores.com\/wp-content\/uploads\/2023\/10\/jason-goodman-m2TU2gfqSeE-unsplash-1365x2048.jpg 1365w, https:\/\/bachconsultores.com\/wp-content\/uploads\/2023\/10\/jason-goodman-m2TU2gfqSeE-unsplash-scaled.jpg 1707w\" sizes=\"auto, (max-width: 683px) 100vw, 683px\" \/><\/figure>\n\n \r\n\t\t\t\r\n\t\t<\/div>\r\n\t\n\n\r\n\t\t<div  class=\"block-2a40befd-3923-4c4b-88ff-f9ccf00afdc8 col areoi-element\">\r\n\t\t\t\r\n\t\t\t\n\n<figure class=\"wp-block-image size-large\"><img loading=\"lazy\" decoding=\"async\" width=\"683\" height=\"1024\" src=\"https:\/\/www.bachconsultores.com\/wp-content\/uploads\/2023\/10\/rachel-moenning-zjxYwd4HOu0-unsplash-683x1024.jpg\" alt=\"\" class=\"wp-image-582\" srcset=\"https:\/\/bachconsultores.com\/wp-content\/uploads\/2023\/10\/rachel-moenning-zjxYwd4HOu0-unsplash-683x1024.jpg 683w, https:\/\/bachconsultores.com\/wp-content\/uploads\/2023\/10\/rachel-moenning-zjxYwd4HOu0-unsplash-200x300.jpg 200w, https:\/\/bachconsultores.com\/wp-content\/uploads\/2023\/10\/rachel-moenning-zjxYwd4HOu0-unsplash-768x1152.jpg 768w, https:\/\/bachconsultores.com\/wp-content\/uploads\/2023\/10\/rachel-moenning-zjxYwd4HOu0-unsplash-1024x1536.jpg 1024w, https:\/\/bachconsultores.com\/wp-content\/uploads\/2023\/10\/rachel-moenning-zjxYwd4HOu0-unsplash-1365x2048.jpg 1365w, https:\/\/bachconsultores.com\/wp-content\/uploads\/2023\/10\/rachel-moenning-zjxYwd4HOu0-unsplash-scaled.jpg 1706w\" sizes=\"auto, (max-width: 683px) 100vw, 683px\" \/><\/figure>\n\n \r\n\t\t\t\r\n\t\t<\/div>\r\n\t<\/div>\n\n\n\n<p style=\"padding-top:40px;padding-right:20px;padding-bottom:20px;padding-left:20px\" data-aos=\"fade\">We are Bach Consultants; <strong>a consultancy with a global approach of 360 degrees<\/strong> created to help you and your company in the day to day, formed by a team of qualified professionals in the different branches of the business environment, with extensive experience in decision making and with a trajectory of more than ten years in the world of consultancy, so you can raise any problem since we will provide the best solution to it.<\/p>\n\n\n\n<hr class=\"wp-block-separator has-text-color has-contrast-color has-alpha-channel-opacity has-contrast-background-color has-background is-style-wide linea bach-consultores\" data-aos=\"fade\"\/>\n\n\n\n<p style=\"padding-top:40px;padding-right:20px;padding-bottom:20px;padding-left:20px\" data-aos=\"fade\">More than your advisor, at Bach Consultores we want to be the perfect partner for you because every activity needs time, and to grow you need the best help.<br>Our clients move forward day by day with the peace of mind that they can count on our help in any process and at the same time we provide them with time and security to fully focus on their activity.<\/p>\n<\/div>\n\n\n\n<div class=\"wp-block-group has-global-padding is-layout-constrained wp-container-core-group-is-layout-194e3292 wp-block-group-is-layout-constrained\" style=\"margin-top:50px;margin-bottom:0px\" data-aos=\"slide-up\">\n<div class=\"wp-block-cover has-custom-content-position is-position-center-right bach-consultores\" style=\"margin-bottom:50px;min-height:490px;aspect-ratio:unset;\" data-aos=\"fade\"><span aria-hidden=\"true\" class=\"wp-block-cover__background has-contrast-background-color has-background-dim-0 has-background-dim\"><\/span><img loading=\"lazy\" decoding=\"async\" width=\"2560\" height=\"1707\" class=\"wp-block-cover__image-background wp-image-590\" alt=\"\" src=\"https:\/\/www.bachconsultores.com\/wp-content\/uploads\/2023\/10\/dallas-reedy-h-bC4aNF-FY-unsplash-scaled.jpg\" data-object-fit=\"cover\" srcset=\"https:\/\/bachconsultores.com\/wp-content\/uploads\/2023\/10\/dallas-reedy-h-bC4aNF-FY-unsplash-scaled.jpg 2560w, https:\/\/bachconsultores.com\/wp-content\/uploads\/2023\/10\/dallas-reedy-h-bC4aNF-FY-unsplash-300x200.jpg 300w, https:\/\/bachconsultores.com\/wp-content\/uploads\/2023\/10\/dallas-reedy-h-bC4aNF-FY-unsplash-1024x683.jpg 1024w, https:\/\/bachconsultores.com\/wp-content\/uploads\/2023\/10\/dallas-reedy-h-bC4aNF-FY-unsplash-768x512.jpg 768w, https:\/\/bachconsultores.com\/wp-content\/uploads\/2023\/10\/dallas-reedy-h-bC4aNF-FY-unsplash-1536x1024.jpg 1536w, https:\/\/bachconsultores.com\/wp-content\/uploads\/2023\/10\/dallas-reedy-h-bC4aNF-FY-unsplash-2048x1365.jpg 2048w\" sizes=\"auto, (max-width: 2560px) 100vw, 2560px\" \/><div class=\"wp-block-cover__inner-container has-global-padding is-layout-constrained wp-block-cover-is-layout-constrained\">\n<h3 class=\"wp-block-heading has-text-align-center titulo-uno bach-consultores\">IF YOU NEED MORE <br>INFORMATION<\/h3>\n\n\n\n<p class=\"has-text-align-center boton-contacta\"><a href=\"https:\/\/www.bachconsultores.com\/en\/contact\/\">CONTACT WITH US<\/a><\/p>\n<\/div><\/div>\n<\/div>\n","protected":false},"excerpt":{"rendered":"<p>BACH CONSULTANTS We are Bach Consultants; a consultancy with a global approach of 360 degrees created to help you and your company in the day to day, formed by a team of qualified professionals in the different branches of the business environment, with extensive experience in decision making and with a trajectory of more than [&hellip;]<\/p>\n","protected":false},"author":1,"featured_media":0,"parent":0,"menu_order":0,"comment_status":"closed","ping_status":"closed","template":"","meta":{"inline_featured_image":false,"footnotes":""},"class_list":["post-767","page","type-page","status-publish","hentry"],"yoast_head":"<!-- This site is optimized with the Yoast SEO plugin v21.5 - https:\/\/yoast.com\/wordpress\/plugins\/seo\/ -->\n<title>Empresa legal y de consultor\u00eda estrat\u00e9gica - Bach Consultores<\/title>\n<meta name=\"description\" content=\"Descubre c\u00f3mo es nuestra empresa legal y como te ayudaremos a ti o a tu empresa a avanzar d\u00eda a d\u00eda gracias a nuestra gran experiencia.\" \/>\n<meta name=\"robots\" content=\"index, follow, max-snippet:-1, max-image-preview:large, max-video-preview:-1\" \/>\n<link rel=\"canonical\" href=\"https:\/\/www.bachconsultores.com\/es\/bach-consultores\/\" \/>\n<meta property=\"og:locale\" content=\"en_US\" \/>\n<meta property=\"og:type\" content=\"article\" \/>\n<meta property=\"og:title\" content=\"Empresa legal y de consultor\u00eda estrat\u00e9gica - Bach Consultores\" \/>\n<meta property=\"og:description\" content=\"Descubre c\u00f3mo es nuestra empresa legal y como te ayudaremos a ti o a tu empresa a avanzar d\u00eda a d\u00eda gracias a nuestra gran experiencia.\" \/>\n<meta property=\"og:url\" content=\"https:\/\/www.bachconsultores.com\/es\/bach-consultores\/\" \/>\n<meta property=\"og:site_name\" content=\"Bach Consultores Produccio\u0301n\" \/>\n<meta property=\"article:modified_time\" content=\"2023-11-20T12:29:53+00:00\" \/>\n<meta property=\"og:image\" content=\"https:\/\/www.bachconsultores.com\/wp-content\/uploads\/2023\/10\/marissa-grootes-N9uOrBICcjY-unsplash-683x1024.jpg\" \/>\n<meta name=\"twitter:card\" content=\"summary_large_image\" \/>\n<meta name=\"twitter:label1\" content=\"Est. reading time\" \/>\n\t<meta name=\"twitter:data1\" content=\"2 minutes\" \/>\n<script type=\"application\/ld+json\" class=\"yoast-schema-graph\">{\"@context\":\"https:\/\/schema.org\",\"@graph\":[{\"@type\":\"WebPage\",\"@id\":\"https:\/\/www.bachconsultores.com\/es\/bach-consultores\/\",\"url\":\"https:\/\/www.bachconsultores.com\/es\/bach-consultores\/\",\"name\":\"Empresa legal y de consultor\u00eda estrat\u00e9gica - Bach Consultores\",\"isPartOf\":{\"@id\":\"https:\/\/www.bachconsultores.com\/es\/#website\"},\"datePublished\":\"2023-09-26T01:34:32+00:00\",\"dateModified\":\"2023-11-20T12:29:53+00:00\",\"description\":\"Descubre c\u00f3mo es nuestra empresa legal y como te ayudaremos a ti o a tu empresa a avanzar d\u00eda a d\u00eda gracias a nuestra gran experiencia.\",\"breadcrumb\":{\"@id\":\"https:\/\/www.bachconsultores.com\/es\/bach-consultores\/#breadcrumb\"},\"inLanguage\":\"en-US\",\"potentialAction\":[{\"@type\":\"ReadAction\",\"target\":[\"https:\/\/www.bachconsultores.com\/es\/bach-consultores\/\"]}]},{\"@type\":\"BreadcrumbList\",\"@id\":\"https:\/\/www.bachconsultores.com\/es\/bach-consultores\/#breadcrumb\",\"itemListElement\":[{\"@type\":\"ListItem\",\"position\":1,\"name\":\"Portada\",\"item\":\"https:\/\/www.bachconsultores.com\/en\/\"},{\"@type\":\"ListItem\",\"position\":2,\"name\":\"Bach Consultants\"}]},{\"@type\":\"WebSite\",\"@id\":\"https:\/\/www.bachconsultores.com\/es\/#website\",\"url\":\"https:\/\/www.bachconsultores.com\/es\/\",\"name\":\"Bach Consultores Produccio\u0301n\",\"description\":\"\",\"publisher\":{\"@id\":\"https:\/\/www.bachconsultores.com\/es\/#organization\"},\"potentialAction\":[{\"@type\":\"SearchAction\",\"target\":{\"@type\":\"EntryPoint\",\"urlTemplate\":\"https:\/\/www.bachconsultores.com\/es\/?s={search_term_string}\"},\"query-input\":\"required name=search_term_string\"}],\"inLanguage\":\"en-US\"},{\"@type\":\"Organization\",\"@id\":\"https:\/\/www.bachconsultores.com\/es\/#organization\",\"name\":\"Bach Consultores Produccio\u0301n\",\"url\":\"https:\/\/www.bachconsultores.com\/es\/\",\"logo\":{\"@type\":\"ImageObject\",\"inLanguage\":\"en-US\",\"@id\":\"https:\/\/www.bachconsultores.com\/es\/#\/schema\/logo\/image\/\",\"url\":\"https:\/\/bachconsultores.com\/wp-content\/uploads\/2023\/09\/Logo-bach-consulores.jpg\",\"contentUrl\":\"https:\/\/bachconsultores.com\/wp-content\/uploads\/2023\/09\/Logo-bach-consulores.jpg\",\"width\":200,\"height\":85,\"caption\":\"Bach Consultores Produccio\u0301n\"},\"image\":{\"@id\":\"https:\/\/www.bachconsultores.com\/es\/#\/schema\/logo\/image\/\"}}]}<\/script>\n<!-- \/ Yoast SEO plugin. -->","yoast_head_json":{"title":"Empresa legal y de consultor\u00eda estrat\u00e9gica - Bach Consultores","description":"Descubre c\u00f3mo es nuestra empresa legal y como te ayudaremos a ti o a tu empresa a avanzar d\u00eda a d\u00eda gracias a nuestra gran experiencia.","robots":{"index":"index","follow":"follow","max-snippet":"max-snippet:-1","max-image-preview":"max-image-preview:large","max-video-preview":"max-video-preview:-1"},"canonical":"https:\/\/www.bachconsultores.com\/es\/bach-consultores\/","og_locale":"en_US","og_type":"article","og_title":"Empresa legal y de consultor\u00eda estrat\u00e9gica - Bach Consultores","og_description":"Descubre c\u00f3mo es nuestra empresa legal y como te ayudaremos a ti o a tu empresa a avanzar d\u00eda a d\u00eda gracias a nuestra gran experiencia.","og_url":"https:\/\/www.bachconsultores.com\/es\/bach-consultores\/","og_site_name":"Bach Consultores Produccio\u0301n","article_modified_time":"2023-11-20T12:29:53+00:00","og_image":[{"url":"https:\/\/www.bachconsultores.com\/wp-content\/uploads\/2023\/10\/marissa-grootes-N9uOrBICcjY-unsplash-683x1024.jpg"}],"twitter_card":"summary_large_image","twitter_misc":{"Est. reading time":"2 minutes"},"schema":{"@context":"https:\/\/schema.org","@graph":[{"@type":"WebPage","@id":"https:\/\/www.bachconsultores.com\/es\/bach-consultores\/","url":"https:\/\/www.bachconsultores.com\/es\/bach-consultores\/","name":"Empresa legal y de consultor\u00eda estrat\u00e9gica - Bach Consultores","isPartOf":{"@id":"https:\/\/www.bachconsultores.com\/es\/#website"},"datePublished":"2023-09-26T01:34:32+00:00","dateModified":"2023-11-20T12:29:53+00:00","description":"Descubre c\u00f3mo es nuestra empresa legal y como te ayudaremos a ti o a tu empresa a avanzar d\u00eda a d\u00eda gracias a nuestra gran experiencia.","breadcrumb":{"@id":"https:\/\/www.bachconsultores.com\/es\/bach-consultores\/#breadcrumb"},"inLanguage":"en-US","potentialAction":[{"@type":"ReadAction","target":["https:\/\/www.bachconsultores.com\/es\/bach-consultores\/"]}]},{"@type":"BreadcrumbList","@id":"https:\/\/www.bachconsultores.com\/es\/bach-consultores\/#breadcrumb","itemListElement":[{"@type":"ListItem","position":1,"name":"Portada","item":"https:\/\/www.bachconsultores.com\/en\/"},{"@type":"ListItem","position":2,"name":"Bach Consultants"}]},{"@type":"WebSite","@id":"https:\/\/www.bachconsultores.com\/es\/#website","url":"https:\/\/www.bachconsultores.com\/es\/","name":"Bach Consultores Produccio\u0301n","description":"","publisher":{"@id":"https:\/\/www.bachconsultores.com\/es\/#organization"},"potentialAction":[{"@type":"SearchAction","target":{"@type":"EntryPoint","urlTemplate":"https:\/\/www.bachconsultores.com\/es\/?s={search_term_string}"},"query-input":"required name=search_term_string"}],"inLanguage":"en-US"},{"@type":"Organization","@id":"https:\/\/www.bachconsultores.com\/es\/#organization","name":"Bach Consultores Produccio\u0301n","url":"https:\/\/www.bachconsultores.com\/es\/","logo":{"@type":"ImageObject","inLanguage":"en-US","@id":"https:\/\/www.bachconsultores.com\/es\/#\/schema\/logo\/image\/","url":"https:\/\/bachconsultores.com\/wp-content\/uploads\/2023\/09\/Logo-bach-consulores.jpg","contentUrl":"https:\/\/bachconsultores.com\/wp-content\/uploads\/2023\/09\/Logo-bach-consulores.jpg","width":200,"height":85,"caption":"Bach Consultores Produccio\u0301n"},"image":{"@id":"https:\/\/www.bachconsultores.com\/es\/#\/schema\/logo\/image\/"}}]}},"_links":{"self":[{"href":"https:\/\/www.bachconsultores.com\/en\/wp-json\/wp\/v2\/pages\/767","targetHints":{"allow":["GET"]}}],"collection":[{"href":"https:\/\/www.bachconsultores.com\/en\/wp-json\/wp\/v2\/pages"}],"about":[{"href":"https:\/\/www.bachconsultores.com\/en\/wp-json\/wp\/v2\/types\/page"}],"author":[{"embeddable":true,"href":"https:\/\/www.bachconsultores.com\/en\/wp-json\/wp\/v2\/users\/1"}],"replies":[{"embeddable":true,"href":"https:\/\/www.bachconsultores.com\/en\/wp-json\/wp\/v2\/comments?post=767"}],"version-history":[{"count":4,"href":"https:\/\/www.bachconsultores.com\/en\/wp-json\/wp\/v2\/pages\/767\/revisions"}],"predecessor-version":[{"id":818,"href":"https:\/\/www.bachconsultores.com\/en\/wp-json\/wp\/v2\/pages\/767\/revisions\/818"}],"wp:attachment":[{"href":"https:\/\/www.bachconsultores.com\/en\/wp-json\/wp\/v2\/media?parent=767"}],"curies":[{"name":"wp","href":"https:\/\/api.w.org\/{rel}","templated":true}]}}