{"id":766,"date":"2023-11-07T22:10:26","date_gmt":"2023-11-07T21:10:26","guid":{"rendered":"https:\/\/www.bachconsultores.com\/inicio\/"},"modified":"2023-11-20T13:01:36","modified_gmt":"2023-11-20T12:01:36","slug":"inicio","status":"publish","type":"page","link":"https:\/\/www.bachconsultores.com\/en\/","title":{"rendered":"Inicio"},"content":{"rendered":"\n<div class=\"wp-block-cover alignfull is-light\" style=\"min-height:665px;aspect-ratio:unset;\" data-aos=\"slide-up\"><span aria-hidden=\"true\" class=\"wp-block-cover__background has-contrast-background-color has-background-dim-0 has-background-dim\"><\/span><img loading=\"lazy\" decoding=\"async\" width=\"2560\" height=\"1707\" class=\"wp-block-cover__image-background wp-image-553\" alt=\"La oficina de una consultor\u00eda estrat\u00e9gica en Barcelona. En ella hay un port\u00e1til encima de una mesa y una planta de interior.\" src=\"https:\/\/www.bachconsultores.com\/wp-content\/uploads\/2023\/10\/alesia-kaz-VWcPlbHglYc-unsplash-scaled.jpg\" style=\"object-position:60% 46%\" data-object-fit=\"cover\" data-object-position=\"60% 46%\" srcset=\"https:\/\/bachconsultores.com\/wp-content\/uploads\/2023\/10\/alesia-kaz-VWcPlbHglYc-unsplash-scaled.jpg 2560w, https:\/\/bachconsultores.com\/wp-content\/uploads\/2023\/10\/alesia-kaz-VWcPlbHglYc-unsplash-300x200.jpg 300w, https:\/\/bachconsultores.com\/wp-content\/uploads\/2023\/10\/alesia-kaz-VWcPlbHglYc-unsplash-1024x683.jpg 1024w, https:\/\/bachconsultores.com\/wp-content\/uploads\/2023\/10\/alesia-kaz-VWcPlbHglYc-unsplash-768x512.jpg 768w, https:\/\/bachconsultores.com\/wp-content\/uploads\/2023\/10\/alesia-kaz-VWcPlbHglYc-unsplash-1536x1024.jpg 1536w, https:\/\/bachconsultores.com\/wp-content\/uploads\/2023\/10\/alesia-kaz-VWcPlbHglYc-unsplash-2048x1365.jpg 2048w\" sizes=\"auto, (max-width: 2560px) 100vw, 2560px\" \/><div class=\"wp-block-cover__inner-container has-global-padding is-layout-constrained wp-container-core-cover-is-layout-bce098d7 wp-block-cover-is-layout-constrained\">\n<h1 class=\"wp-block-heading has-text-align-center titulo-uno\">STRATEGIC CONSULTING IN BARCELONA<\/h1>\n<\/div><\/div>\n\n\n\n<div class=\"wp-block-group has-global-padding is-layout-constrained wp-container-core-group-is-layout-85aec7fd wp-block-group-is-layout-constrained\" data-aos=\"slide-up\">\n<h2 class=\"wp-block-heading has-text-align-center titulo-dos bordes\" style=\"margin-top:50px\" data-aos=\"fade\"><mark style=\"background-color:rgba(0, 0, 0, 0);color:#656263\" class=\"has-inline-color\">WELCOME TO<\/mark> BACH CONSULTORES, <mark style=\"background-color:rgba(0, 0, 0, 0)\" class=\"has-inline-color has-secondary-color\">YOUR TRUSTED ADVISORS<\/mark><\/h2>\n\n\n\n<p class=\"has-text-align-center texto-centro-inicio\" data-aos=\"fade\">Our consulting service for individuals and companies is an accompaniment that offers all kinds of support with specialized solutions to successfully overcome the challenges that we face every day; at a particular level our goal is to help citizens with their problems and management, and at a company level our vision is to focus on the improvements needed to increase their efficiency, performance and achieve all their business objectives. Our team is based on well-trained professionals with the right technical and practical knowledge to solve any situation by providing their expertise and knowledge to solve any specific problem that arises and provide strategic plans and recommendations.<\/p>\n\n\n\r\n\t\t<div data-aos=\"slide-up\"  class=\"block-39d2f936-b365-4e9c-9ed5-06fa7b0ad7c9 row areoi-element\">\r\n\t\t\t\r\n\r\n\t\t\t\n\r\n\t\t<div  class=\"block-f1a7a70f-8689-425f-8e5c-c054e8d0a3e8 col areoi-element col-12 col-md-12 col-lg-6\">\r\n\t\t\t\r\n\t\t\t\n\n<figure class=\"wp-block-image aligncenter size-large\"><img loading=\"lazy\" decoding=\"async\" width=\"1024\" height=\"683\" src=\"https:\/\/www.bachconsultores.com\/wp-content\/uploads\/2023\/10\/louise-viallesoubranne-5EhN4wbfvBc-unsplash-1024x683.jpg\" alt=\"\" class=\"wp-image-551\" srcset=\"https:\/\/bachconsultores.com\/wp-content\/uploads\/2023\/10\/louise-viallesoubranne-5EhN4wbfvBc-unsplash-1024x683.jpg 1024w, https:\/\/bachconsultores.com\/wp-content\/uploads\/2023\/10\/louise-viallesoubranne-5EhN4wbfvBc-unsplash-300x200.jpg 300w, https:\/\/bachconsultores.com\/wp-content\/uploads\/2023\/10\/louise-viallesoubranne-5EhN4wbfvBc-unsplash-768x512.jpg 768w, https:\/\/bachconsultores.com\/wp-content\/uploads\/2023\/10\/louise-viallesoubranne-5EhN4wbfvBc-unsplash-1536x1024.jpg 1536w, https:\/\/bachconsultores.com\/wp-content\/uploads\/2023\/10\/louise-viallesoubranne-5EhN4wbfvBc-unsplash-2048x1365.jpg 2048w\" sizes=\"auto, (max-width: 1024px) 100vw, 1024px\" \/><\/figure>\n\n\n\n<h3 class=\"wp-block-heading has-text-align-center titulo-tres\">LABOUR MANAGEMENT<\/h3>\n\n\n\n<p>Our labor advisors work daily to stay up to date with the labor regulations that are constantly changing and evolving in our country.<\/p>\n\n\n\n<p class=\"has-text-align-right ver-mas\"><a href=\"https:\/\/www.bachconsultores.com\/es\/servicios\/#gestion-laboral\" data-type=\"page\" data-id=\"177\"><mark style=\"background-color:rgba(0, 0, 0, 0)\" class=\"has-inline-color has-secondary-color\">M\u00c1S INFORMACI\u00d3N<\/mark><\/a><\/p>\n\n\n\n<hr class=\"wp-block-separator has-text-color has-contrast-color has-alpha-channel-opacity has-contrast-background-color has-background is-style-wide linea\" style=\"margin-bottom:12px\"\/>\n\n \r\n\t\t\t\r\n\t\t<\/div>\r\n\t\n\n\r\n\t\t<div  class=\"block-6eb54305-1728-4674-9c40-25806807348a col areoi-element col-12 col-md-12 col-lg-6\">\r\n\t\t\t\r\n\t\t\t\n\n<figure class=\"wp-block-image aligncenter size-large\"><img loading=\"lazy\" decoding=\"async\" width=\"1024\" height=\"683\" src=\"https:\/\/www.bachconsultores.com\/wp-content\/uploads\/2023\/10\/van-tay-media-TFFn3BYLc5s-unsplash-1024x683.jpg\" alt=\"\" class=\"wp-image-559\" srcset=\"https:\/\/bachconsultores.com\/wp-content\/uploads\/2023\/10\/van-tay-media-TFFn3BYLc5s-unsplash-1024x683.jpg 1024w, https:\/\/bachconsultores.com\/wp-content\/uploads\/2023\/10\/van-tay-media-TFFn3BYLc5s-unsplash-300x200.jpg 300w, https:\/\/bachconsultores.com\/wp-content\/uploads\/2023\/10\/van-tay-media-TFFn3BYLc5s-unsplash-768x512.jpg 768w, https:\/\/bachconsultores.com\/wp-content\/uploads\/2023\/10\/van-tay-media-TFFn3BYLc5s-unsplash-1536x1024.jpg 1536w, https:\/\/bachconsultores.com\/wp-content\/uploads\/2023\/10\/van-tay-media-TFFn3BYLc5s-unsplash-2048x1366.jpg 2048w\" sizes=\"auto, (max-width: 1024px) 100vw, 1024px\" \/><\/figure>\n\n\n\n<h3 class=\"wp-block-heading has-text-align-center titulo-tres\">MANAGEMENT AND FORMALITIES OF FOREIGNERS<\/h3>\n\n\n\n<p>In Spain we find a diverse labor market, and a country formed by different cultures where the procedures for foreigners are highly difficult and complicated.<\/p>\n\n\n\n<p class=\"has-text-align-right ver-mas\"><a href=\"https:\/\/www.bachconsultores.com\/es\/servicios\/#gestion-tramites-extrangeria\" data-type=\"page\" data-id=\"177\"><mark style=\"background-color:rgba(0, 0, 0, 0)\" class=\"has-inline-color has-secondary-color\">M\u00c1S INFORMACI\u00d3N<\/mark><\/a><\/p>\n\n\n\n<hr class=\"wp-block-separator has-text-color has-contrast-color has-alpha-channel-opacity has-contrast-background-color has-background is-style-wide linea\" style=\"margin-bottom:12px\"\/>\n\n \r\n\t\t\t\r\n\t\t<\/div>\r\n\t\n \r\n\t\t<\/div>\r\n\t\n\n\r\n\t\t<div data-aos=\"slide-up\"  class=\"block-35e34625-5f24-4bb0-a93f-7fa406dfde44 row areoi-element\">\r\n\t\t\t\r\n\r\n\t\t\t\n\r\n\t\t<div  class=\"block-d6f895b3-15a9-4f3e-8c23-ab8e4daee7cd col areoi-element col-12 col-md-12 col-lg-6\">\r\n\t\t\t\r\n\t\t\t\n\n<figure class=\"wp-block-image aligncenter size-large\"><img loading=\"lazy\" decoding=\"async\" width=\"1024\" height=\"683\" src=\"https:\/\/www.bachconsultores.com\/wp-content\/uploads\/2023\/10\/towfiqu-barbhuiya-JhevWHCbVyw-unsplash-1024x683.jpg\" alt=\"\" class=\"wp-image-565\" srcset=\"https:\/\/bachconsultores.com\/wp-content\/uploads\/2023\/10\/towfiqu-barbhuiya-JhevWHCbVyw-unsplash-1024x683.jpg 1024w, https:\/\/bachconsultores.com\/wp-content\/uploads\/2023\/10\/towfiqu-barbhuiya-JhevWHCbVyw-unsplash-300x200.jpg 300w, https:\/\/bachconsultores.com\/wp-content\/uploads\/2023\/10\/towfiqu-barbhuiya-JhevWHCbVyw-unsplash-768x512.jpg 768w, https:\/\/bachconsultores.com\/wp-content\/uploads\/2023\/10\/towfiqu-barbhuiya-JhevWHCbVyw-unsplash-1536x1024.jpg 1536w, https:\/\/bachconsultores.com\/wp-content\/uploads\/2023\/10\/towfiqu-barbhuiya-JhevWHCbVyw-unsplash-2048x1365.jpg 2048w\" sizes=\"auto, (max-width: 1024px) 100vw, 1024px\" \/><\/figure>\n\n\n\n<h3 class=\"wp-block-heading has-text-align-center titulo-tres\">TAX MANAGEMENT AND COMPANIES<\/h3>\n\n\n\n<p>In a country where regulations are constantly updated as is Spain, our tax team will help you to start your business, marking the steps with the most difficult formalities such as starting your business from the beginning and setting up the company, whether you decide for a limited company, a limited company, or another form of it.<\/p>\n\n\n\n<p class=\"has-text-align-right ver-mas\"><a href=\"https:\/\/www.bachconsultores.com\/es\/servicios\/#gestion-fiscal-contable-sociedades\" data-type=\"page\" data-id=\"177\"><mark style=\"background-color:rgba(0, 0, 0, 0)\" class=\"has-inline-color has-secondary-color\">M\u00c1S INFORMACI\u00d3N<\/mark><\/a><\/p>\n\n\n\n<hr class=\"wp-block-separator has-text-color has-contrast-color has-alpha-channel-opacity has-contrast-background-color has-background is-style-wide linea\" style=\"margin-bottom:12px\"\/>\n\n \r\n\t\t\t\r\n\t\t<\/div>\r\n\t\n\n\r\n\t\t<div  class=\"block-9f7b56ba-aea3-4c9e-a6b6-17f4ee2c8e0c col areoi-element col-12 col-md-12 col-lg-6\">\r\n\t\t\t\r\n\t\t\t\n\n<figure class=\"wp-block-image aligncenter size-large\"><img loading=\"lazy\" decoding=\"async\" width=\"1024\" height=\"683\" src=\"https:\/\/www.bachconsultores.com\/wp-content\/uploads\/2023\/10\/gabrielle-henderson-HJckKnwCXxQ-unsplash-1024x683.jpg\" alt=\"\" class=\"wp-image-555\" srcset=\"https:\/\/bachconsultores.com\/wp-content\/uploads\/2023\/10\/gabrielle-henderson-HJckKnwCXxQ-unsplash-1024x683.jpg 1024w, https:\/\/bachconsultores.com\/wp-content\/uploads\/2023\/10\/gabrielle-henderson-HJckKnwCXxQ-unsplash-300x200.jpg 300w, https:\/\/bachconsultores.com\/wp-content\/uploads\/2023\/10\/gabrielle-henderson-HJckKnwCXxQ-unsplash-768x512.jpg 768w, https:\/\/bachconsultores.com\/wp-content\/uploads\/2023\/10\/gabrielle-henderson-HJckKnwCXxQ-unsplash-1536x1024.jpg 1536w, https:\/\/bachconsultores.com\/wp-content\/uploads\/2023\/10\/gabrielle-henderson-HJckKnwCXxQ-unsplash-2048x1365.jpg 2048w\" sizes=\"auto, (max-width: 1024px) 100vw, 1024px\" \/><\/figure>\n\n\n\n<h3 class=\"wp-block-heading has-text-align-center titulo-tres\">LEGAL ADVICE<\/h3>\n\n\n\n<p>Our law firm provides legal advice and guidance to both individuals and businesses in various areas of law to ensure they operate in accordance with applicable laws and regulations, and to minimize potential legal risks.<\/p>\n\n\n\n<p class=\"has-text-align-right ver-mas\"><a href=\"https:\/\/www.bachconsultores.com\/es\/servicios\/#asesoramiento-juridico\" data-type=\"page\" data-id=\"177\"><mark style=\"background-color:rgba(0, 0, 0, 0)\" class=\"has-inline-color has-secondary-color\">M\u00c1S INFORMACI\u00d3N<\/mark><\/a><\/p>\n\n\n\n<hr class=\"wp-block-separator has-text-color has-contrast-color has-alpha-channel-opacity has-contrast-background-color has-background is-style-wide linea\" style=\"margin-bottom:12px\"\/>\n\n \r\n\t\t\t\r\n\t\t<\/div>\r\n\t\n \r\n\t\t<\/div>\r\n\t<\/div>\n\n\n\r\n\t\t<div data-aos=\"slide-up\"  class=\"block-635dd93b-e653-4c79-a9f0-a1f37f547268 row areoi-element\">\r\n\t\t\t\r\n\r\n\t\t\t\n\r\n\t\t<div  class=\"block-3a23cceb-7828-4b3c-be63-b0b0a8111d3b col areoi-element d-md-none d-lg-block\">\r\n\t\t\t\r\n\t\t<div class=\"areoi-background  \">\r\n\t\t\t<div class=\"container-fluid\" style=\"padding: 0;\">\r\n\t\t\t\t<div class=\"row justify-content-start\">\r\n\t\t\t\t\t<div class=\"col \">\r\n\t\t\t            <div class=\"areoi-background__color\" \r\n\t                        \tstyle=\"background: rgba(243, 247, 250,1)\">\r\n\t                        <\/div>\r\n\r\n\t                    \r\n\r\n\t                    \r\n\r\n\t                    \r\n\t    \t\t\t<\/div>\r\n\t    \t\t<\/div>\r\n\t    \t<\/div>\r\n\t    <\/div>\r\n\t\r\n\t\t\t \r\n\t\t\t\r\n\t\t<\/div>\r\n\t\n\n\r\n\t\t<div  class=\"block-831b8046-f18f-43df-8814-c580bad05f74 col areoi-element col-md-12 col-lg-6\">\r\n\t\t\t\r\n\t\t\t\n\n<figure class=\"wp-block-image aligncenter size-large\"><img loading=\"lazy\" decoding=\"async\" width=\"1024\" height=\"683\" src=\"https:\/\/www.bachconsultores.com\/wp-content\/uploads\/2023\/10\/razvan-chisu-Ua-agENjmI4-unsplash-1024x683.jpg\" alt=\"\" class=\"wp-image-571\" srcset=\"https:\/\/bachconsultores.com\/wp-content\/uploads\/2023\/10\/razvan-chisu-Ua-agENjmI4-unsplash-1024x683.jpg 1024w, https:\/\/bachconsultores.com\/wp-content\/uploads\/2023\/10\/razvan-chisu-Ua-agENjmI4-unsplash-300x200.jpg 300w, https:\/\/bachconsultores.com\/wp-content\/uploads\/2023\/10\/razvan-chisu-Ua-agENjmI4-unsplash-768x512.jpg 768w, https:\/\/bachconsultores.com\/wp-content\/uploads\/2023\/10\/razvan-chisu-Ua-agENjmI4-unsplash-1536x1024.jpg 1536w, https:\/\/bachconsultores.com\/wp-content\/uploads\/2023\/10\/razvan-chisu-Ua-agENjmI4-unsplash-2048x1365.jpg 2048w\" sizes=\"auto, (max-width: 1024px) 100vw, 1024px\" \/><\/figure>\n\n\n\n<h3 class=\"wp-block-heading has-text-align-center titulo-tres\">BUSINESS PLAN IMPROVEMENTS AND FINANCIAL SUPPORT<\/h3>\n\n\n\n<p>Improving a business plan is an ongoing and necessary process to ensure that the business adapts to changing market conditions and remains viable and profitable.<\/p>\n\n\n\n<p class=\"has-text-align-right ver-mas\"><a href=\"https:\/\/www.bachconsultores.com\/es\/servicios\/#apoyo-economico-plan-trabajo\" data-type=\"page\" data-id=\"177\"><mark style=\"background-color:rgba(0, 0, 0, 0)\" class=\"has-inline-color has-secondary-color\">M\u00c1S INFORMACI\u00d3N<\/mark><\/a><\/p>\n\n \r\n\t\t\t\r\n\t\t<\/div>\r\n\t\n\n\r\n\t\t<div  class=\"block-e57907f1-13d6-4ee1-92da-91a500f7af4d col areoi-element fondo-azul-claro d-md-none d-lg-block\">\r\n\t\t\t\r\n\t\t<div class=\"areoi-background  \">\r\n\t\t\t<div class=\"container-fluid\" style=\"padding: 0;\">\r\n\t\t\t\t<div class=\"row justify-content-start\">\r\n\t\t\t\t\t<div class=\"col \">\r\n\t\t\t            <div class=\"areoi-background__color\" \r\n\t                        \tstyle=\"background: rgba(243, 247, 250,1)\">\r\n\t                        <\/div>\r\n\r\n\t                    \r\n\t                        \t<div class=\"areoi-background__image\" style=\"background-image:url(https:\/\/www.bachconsultores.com\/wp-content\/uploads\/2023\/09\/rectangulo.jpg)\"><\/div>\r\n\t                        \r\n\r\n\t                    \r\n\r\n\t                    \r\n\t    \t\t\t<\/div>\r\n\t    \t\t<\/div>\r\n\t    \t<\/div>\r\n\t    <\/div>\r\n\t\r\n\t\t\t \r\n\t\t\t\r\n\t\t<\/div>\r\n\t\n \r\n\t\t<\/div>\r\n\t\n\n\n<hr class=\"wp-block-separator has-text-color has-contrast-color has-alpha-channel-opacity has-contrast-background-color has-background is-style-wide linea\" style=\"margin-bottom:12px\"\/>\n\n\n\n<h2 class=\"wp-block-heading has-text-align-center titulo-unete has-background\" style=\"background-color:#f3f6f9;margin-bottom:0px\" data-aos=\"slide-up\">JOIN OUR DAY-TO-DAY AND ADVANCE SUCCESSFULLY<\/h2>\n","protected":false},"excerpt":{"rendered":"<p>WELCOME TO BACH CONSULTORES, YOUR TRUSTED ADVISORS Our consulting service for individuals and companies is an accompaniment that offers all kinds of support with specialized solutions to successfully overcome the challenges that we face every day; at a particular level our goal is to help citizens with their problems and management, and at a company [&hellip;]<\/p>\n","protected":false},"author":1,"featured_media":0,"parent":0,"menu_order":0,"comment_status":"closed","ping_status":"closed","template":"","meta":{"inline_featured_image":false,"footnotes":""},"class_list":["post-766","page","type-page","status-publish","hentry"],"yoast_head":"<!-- This site is optimized with the Yoast SEO plugin v21.5 - https:\/\/yoast.com\/wordpress\/plugins\/seo\/ -->\n<title>Consultora estrat\u00e9gica en Barcelona - Bach Consultores<\/title>\n<meta name=\"description\" content=\"Somos tu consultora estrat\u00e9gica en Barcelona. Ofrecemos servicios de consultor\u00eda estrat\u00e9gica, servicios jur\u00eddicos y gesti\u00f3n de proyectos.\" \/>\n<meta name=\"robots\" content=\"index, follow, max-snippet:-1, max-image-preview:large, max-video-preview:-1\" \/>\n<link rel=\"canonical\" href=\"https:\/\/www.bachconsultores.com\/en\/\" \/>\n<meta property=\"og:locale\" content=\"en_US\" \/>\n<meta property=\"og:type\" content=\"article\" \/>\n<meta property=\"og:title\" content=\"Consultora estrat\u00e9gica en Barcelona - Bach Consultores\" \/>\n<meta property=\"og:description\" content=\"Somos tu consultora estrat\u00e9gica en Barcelona. Ofrecemos servicios de consultor\u00eda estrat\u00e9gica, servicios jur\u00eddicos y gesti\u00f3n de proyectos.\" \/>\n<meta property=\"og:url\" content=\"https:\/\/www.bachconsultores.com\/en\/\" \/>\n<meta property=\"og:site_name\" content=\"Bach Consultores Produccio\u0301n\" \/>\n<meta property=\"article:modified_time\" content=\"2023-11-20T12:01:36+00:00\" \/>\n<meta property=\"og:image\" content=\"https:\/\/www.bachconsultores.com\/wp-content\/uploads\/2023\/10\/alesia-kaz-VWcPlbHglYc-unsplash-scaled.jpg\" \/>\n<meta name=\"twitter:card\" content=\"summary_large_image\" \/>\n<meta name=\"twitter:label1\" content=\"Est. reading time\" \/>\n\t<meta name=\"twitter:data1\" content=\"3 minutes\" \/>\n<script type=\"application\/ld+json\" class=\"yoast-schema-graph\">{\"@context\":\"https:\/\/schema.org\",\"@graph\":[{\"@type\":\"WebPage\",\"@id\":\"https:\/\/www.bachconsultores.com\/en\/\",\"url\":\"https:\/\/www.bachconsultores.com\/en\/\",\"name\":\"Consultora estrat\u00e9gica en Barcelona - Bach Consultores\",\"isPartOf\":{\"@id\":\"https:\/\/www.bachconsultores.com\/es\/#website\"},\"datePublished\":\"2023-11-07T21:10:26+00:00\",\"dateModified\":\"2023-11-20T12:01:36+00:00\",\"description\":\"Somos tu consultora estrat\u00e9gica en Barcelona. Ofrecemos servicios de consultor\u00eda estrat\u00e9gica, servicios jur\u00eddicos y gesti\u00f3n de proyectos.\",\"breadcrumb\":{\"@id\":\"https:\/\/www.bachconsultores.com\/en\/#breadcrumb\"},\"inLanguage\":\"en-US\",\"potentialAction\":[{\"@type\":\"ReadAction\",\"target\":[\"https:\/\/www.bachconsultores.com\/en\/\"]}]},{\"@type\":\"BreadcrumbList\",\"@id\":\"https:\/\/www.bachconsultores.com\/en\/#breadcrumb\",\"itemListElement\":[{\"@type\":\"ListItem\",\"position\":1,\"name\":\"Portada\",\"item\":\"https:\/\/www.bachconsultores.com\/en\/\"},{\"@type\":\"ListItem\",\"position\":2,\"name\":\"Inicio\"}]},{\"@type\":\"WebSite\",\"@id\":\"https:\/\/www.bachconsultores.com\/es\/#website\",\"url\":\"https:\/\/www.bachconsultores.com\/es\/\",\"name\":\"Bach Consultores Produccio\u0301n\",\"description\":\"\",\"publisher\":{\"@id\":\"https:\/\/www.bachconsultores.com\/es\/#organization\"},\"potentialAction\":[{\"@type\":\"SearchAction\",\"target\":{\"@type\":\"EntryPoint\",\"urlTemplate\":\"https:\/\/www.bachconsultores.com\/es\/?s={search_term_string}\"},\"query-input\":\"required name=search_term_string\"}],\"inLanguage\":\"en-US\"},{\"@type\":\"Organization\",\"@id\":\"https:\/\/www.bachconsultores.com\/es\/#organization\",\"name\":\"Bach Consultores Produccio\u0301n\",\"url\":\"https:\/\/www.bachconsultores.com\/es\/\",\"logo\":{\"@type\":\"ImageObject\",\"inLanguage\":\"en-US\",\"@id\":\"https:\/\/www.bachconsultores.com\/es\/#\/schema\/logo\/image\/\",\"url\":\"https:\/\/bachconsultores.com\/wp-content\/uploads\/2023\/09\/Logo-bach-consulores.jpg\",\"contentUrl\":\"https:\/\/bachconsultores.com\/wp-content\/uploads\/2023\/09\/Logo-bach-consulores.jpg\",\"width\":200,\"height\":85,\"caption\":\"Bach Consultores Produccio\u0301n\"},\"image\":{\"@id\":\"https:\/\/www.bachconsultores.com\/es\/#\/schema\/logo\/image\/\"}}]}<\/script>\n<!-- \/ Yoast SEO plugin. -->","yoast_head_json":{"title":"Consultora estrat\u00e9gica en Barcelona - Bach Consultores","description":"Somos tu consultora estrat\u00e9gica en Barcelona. Ofrecemos servicios de consultor\u00eda estrat\u00e9gica, servicios jur\u00eddicos y gesti\u00f3n de proyectos.","robots":{"index":"index","follow":"follow","max-snippet":"max-snippet:-1","max-image-preview":"max-image-preview:large","max-video-preview":"max-video-preview:-1"},"canonical":"https:\/\/www.bachconsultores.com\/en\/","og_locale":"en_US","og_type":"article","og_title":"Consultora estrat\u00e9gica en Barcelona - Bach Consultores","og_description":"Somos tu consultora estrat\u00e9gica en Barcelona. Ofrecemos servicios de consultor\u00eda estrat\u00e9gica, servicios jur\u00eddicos y gesti\u00f3n de proyectos.","og_url":"https:\/\/www.bachconsultores.com\/en\/","og_site_name":"Bach Consultores Produccio\u0301n","article_modified_time":"2023-11-20T12:01:36+00:00","og_image":[{"url":"https:\/\/www.bachconsultores.com\/wp-content\/uploads\/2023\/10\/alesia-kaz-VWcPlbHglYc-unsplash-scaled.jpg"}],"twitter_card":"summary_large_image","twitter_misc":{"Est. reading time":"3 minutes"},"schema":{"@context":"https:\/\/schema.org","@graph":[{"@type":"WebPage","@id":"https:\/\/www.bachconsultores.com\/en\/","url":"https:\/\/www.bachconsultores.com\/en\/","name":"Consultora estrat\u00e9gica en Barcelona - Bach Consultores","isPartOf":{"@id":"https:\/\/www.bachconsultores.com\/es\/#website"},"datePublished":"2023-11-07T21:10:26+00:00","dateModified":"2023-11-20T12:01:36+00:00","description":"Somos tu consultora estrat\u00e9gica en Barcelona. Ofrecemos servicios de consultor\u00eda estrat\u00e9gica, servicios jur\u00eddicos y gesti\u00f3n de proyectos.","breadcrumb":{"@id":"https:\/\/www.bachconsultores.com\/en\/#breadcrumb"},"inLanguage":"en-US","potentialAction":[{"@type":"ReadAction","target":["https:\/\/www.bachconsultores.com\/en\/"]}]},{"@type":"BreadcrumbList","@id":"https:\/\/www.bachconsultores.com\/en\/#breadcrumb","itemListElement":[{"@type":"ListItem","position":1,"name":"Portada","item":"https:\/\/www.bachconsultores.com\/en\/"},{"@type":"ListItem","position":2,"name":"Inicio"}]},{"@type":"WebSite","@id":"https:\/\/www.bachconsultores.com\/es\/#website","url":"https:\/\/www.bachconsultores.com\/es\/","name":"Bach Consultores Produccio\u0301n","description":"","publisher":{"@id":"https:\/\/www.bachconsultores.com\/es\/#organization"},"potentialAction":[{"@type":"SearchAction","target":{"@type":"EntryPoint","urlTemplate":"https:\/\/www.bachconsultores.com\/es\/?s={search_term_string}"},"query-input":"required name=search_term_string"}],"inLanguage":"en-US"},{"@type":"Organization","@id":"https:\/\/www.bachconsultores.com\/es\/#organization","name":"Bach Consultores Produccio\u0301n","url":"https:\/\/www.bachconsultores.com\/es\/","logo":{"@type":"ImageObject","inLanguage":"en-US","@id":"https:\/\/www.bachconsultores.com\/es\/#\/schema\/logo\/image\/","url":"https:\/\/bachconsultores.com\/wp-content\/uploads\/2023\/09\/Logo-bach-consulores.jpg","contentUrl":"https:\/\/bachconsultores.com\/wp-content\/uploads\/2023\/09\/Logo-bach-consulores.jpg","width":200,"height":85,"caption":"Bach Consultores Produccio\u0301n"},"image":{"@id":"https:\/\/www.bachconsultores.com\/es\/#\/schema\/logo\/image\/"}}]}},"_links":{"self":[{"href":"https:\/\/www.bachconsultores.com\/en\/wp-json\/wp\/v2\/pages\/766","targetHints":{"allow":["GET"]}}],"collection":[{"href":"https:\/\/www.bachconsultores.com\/en\/wp-json\/wp\/v2\/pages"}],"about":[{"href":"https:\/\/www.bachconsultores.com\/en\/wp-json\/wp\/v2\/types\/page"}],"author":[{"embeddable":true,"href":"https:\/\/www.bachconsultores.com\/en\/wp-json\/wp\/v2\/users\/1"}],"replies":[{"embeddable":true,"href":"https:\/\/www.bachconsultores.com\/en\/wp-json\/wp\/v2\/comments?post=766"}],"version-history":[{"count":1,"href":"https:\/\/www.bachconsultores.com\/en\/wp-json\/wp\/v2\/pages\/766\/revisions"}],"predecessor-version":[{"id":799,"href":"https:\/\/www.bachconsultores.com\/en\/wp-json\/wp\/v2\/pages\/766\/revisions\/799"}],"wp:attachment":[{"href":"https:\/\/www.bachconsultores.com\/en\/wp-json\/wp\/v2\/media?parent=766"}],"curies":[{"name":"wp","href":"https:\/\/api.w.org\/{rel}","templated":true}]}}